{"id":1582,"date":"2016-03-24T16:41:31","date_gmt":"2016-03-24T15:41:31","guid":{"rendered":"http:\/\/guyferrandis.com\/?page_id=1582"},"modified":"2016-03-28T12:37:00","modified_gmt":"2016-03-28T11:37:00","slug":"lioret","status":"publish","type":"page","link":"https:\/\/guyferrandis.com\/index.php\/cinema\/tournages\/lioret\/","title":{"rendered":"Philippe Lioret"},"content":{"rendered":"<a class=\"button small left\" onclick=\"window.open('https:\/\/guyferrandis.com\/index.php\/cinema\/tournages\/', '_self')\"><strong>\u21b5<\/strong><\/a>\n<p>Photos r\u00e9alis\u00e9es sur les tournages de L&rsquo;\u00e9quipier, Je vais bien, ne t&rsquo;en fais pas, Welcome et Toutes nos envies<\/p>\n","protected":false},"excerpt":{"rendered":"<p>Photos r\u00e9alis\u00e9es sur les tournages de L&rsquo;\u00e9quipier, Je vais bien, ne t&rsquo;en fais pas, Welcome et Toutes nos envies<\/p>\n","protected":false},"author":1,"featured_media":0,"parent":1215,"menu_order":0,"comment_status":"closed","ping_status":"closed","template":"del_gallery.php","meta":{"_mi_skip_tracking":false,"_exactmetrics_sitenote_active":false,"_exactmetrics_sitenote_note":"","_exactmetrics_sitenote_category":0,"footnotes":""},"class_list":["post-1582","page","type-page","status-publish","hentry"],"_links":{"self":[{"href":"https:\/\/guyferrandis.com\/index.php\/wp-json\/wp\/v2\/pages\/1582","targetHints":{"allow":["GET"]}}],"collection":[{"href":"https:\/\/guyferrandis.com\/index.php\/wp-json\/wp\/v2\/pages"}],"about":[{"href":"https:\/\/guyferrandis.com\/index.php\/wp-json\/wp\/v2\/types\/page"}],"author":[{"embeddable":true,"href":"https:\/\/guyferrandis.com\/index.php\/wp-json\/wp\/v2\/users\/1"}],"replies":[{"embeddable":true,"href":"https:\/\/guyferrandis.com\/index.php\/wp-json\/wp\/v2\/comments?post=1582"}],"version-history":[{"count":4,"href":"https:\/\/guyferrandis.com\/index.php\/wp-json\/wp\/v2\/pages\/1582\/revisions"}],"predecessor-version":[{"id":1653,"href":"https:\/\/guyferrandis.com\/index.php\/wp-json\/wp\/v2\/pages\/1582\/revisions\/1653"}],"up":[{"embeddable":true,"href":"https:\/\/guyferrandis.com\/index.php\/wp-json\/wp\/v2\/pages\/1215"}],"wp:attachment":[{"href":"https:\/\/guyferrandis.com\/index.php\/wp-json\/wp\/v2\/media?parent=1582"}],"curies":[{"name":"wp","href":"https:\/\/api.w.org\/{rel}","templated":true}]}}