{"id":234,"date":"2015-11-10T17:53:32","date_gmt":"2015-11-10T16:53:32","guid":{"rendered":"http:\/\/guyferrandis.com\/?page_id=234"},"modified":"2016-03-28T12:38:14","modified_gmt":"2016-03-28T11:38:14","slug":"kassovitz","status":"publish","type":"page","link":"https:\/\/guyferrandis.com\/index.php\/cinema\/tournages\/kassovitz\/","title":{"rendered":"mathieu kassovitz"},"content":{"rendered":"<p style=\"text-align: left;\"><a class=\"button small left\" onclick=\"window.open('https:\/\/guyferrandis.com\/index.php\/cinema\/tournages\/', '_self')\"><strong>\u21b5<\/strong><\/a><\/p>\n<p>Photos r\u00e9alis\u00e9es sur les tournages de La Haine, Assasin(s), Les rivi\u00e8res pourpres, L&rsquo;ordre et la morale, Babylon A.D<\/p>\n","protected":false},"excerpt":{"rendered":"<p>Photos r\u00e9alis\u00e9es sur les tournages de La Haine, Assasin(s), Les rivi\u00e8res pourpres, L&rsquo;ordre et la morale, Babylon A.D<\/p>\n","protected":false},"author":1,"featured_media":0,"parent":1215,"menu_order":0,"comment_status":"closed","ping_status":"closed","template":"gallery.php","meta":{"_mi_skip_tracking":false,"_exactmetrics_sitenote_active":false,"_exactmetrics_sitenote_note":"","_exactmetrics_sitenote_category":0,"footnotes":""},"class_list":["post-234","page","type-page","status-publish","hentry"],"_links":{"self":[{"href":"https:\/\/guyferrandis.com\/index.php\/wp-json\/wp\/v2\/pages\/234","targetHints":{"allow":["GET"]}}],"collection":[{"href":"https:\/\/guyferrandis.com\/index.php\/wp-json\/wp\/v2\/pages"}],"about":[{"href":"https:\/\/guyferrandis.com\/index.php\/wp-json\/wp\/v2\/types\/page"}],"author":[{"embeddable":true,"href":"https:\/\/guyferrandis.com\/index.php\/wp-json\/wp\/v2\/users\/1"}],"replies":[{"embeddable":true,"href":"https:\/\/guyferrandis.com\/index.php\/wp-json\/wp\/v2\/comments?post=234"}],"version-history":[{"count":21,"href":"https:\/\/guyferrandis.com\/index.php\/wp-json\/wp\/v2\/pages\/234\/revisions"}],"predecessor-version":[{"id":1654,"href":"https:\/\/guyferrandis.com\/index.php\/wp-json\/wp\/v2\/pages\/234\/revisions\/1654"}],"up":[{"embeddable":true,"href":"https:\/\/guyferrandis.com\/index.php\/wp-json\/wp\/v2\/pages\/1215"}],"wp:attachment":[{"href":"https:\/\/guyferrandis.com\/index.php\/wp-json\/wp\/v2\/media?parent=234"}],"curies":[{"name":"wp","href":"https:\/\/api.w.org\/{rel}","templated":true}]}}