{"id":246,"date":"2015-11-12T15:30:13","date_gmt":"2015-11-12T14:30:13","guid":{"rendered":"http:\/\/guyferrandis.com\/?page_id=246"},"modified":"2015-12-31T09:40:48","modified_gmt":"2015-12-31T08:40:48","slug":"a-propos","status":"publish","type":"page","link":"https:\/\/guyferrandis.com\/index.php\/a-propos\/","title":{"rendered":"A propos"},"content":{"rendered":"<h2><img loading=\"lazy\" decoding=\"async\" class=\"alignnone wp-image-169 size-full\" src=\"https:\/\/guyferrandis.com\/wp-content\/uploads\/2015\/11\/guy-pano.jpg\" alt=\"guy ferrandis a propos\" width=\"1011\" height=\"447\" srcset=\"https:\/\/guyferrandis.com\/wp-content\/uploads\/2015\/11\/guy-pano.jpg 1011w, https:\/\/guyferrandis.com\/wp-content\/uploads\/2015\/11\/guy-pano-300x133.jpg 300w, https:\/\/guyferrandis.com\/wp-content\/uploads\/2015\/11\/guy-pano-440x195.jpg 440w, https:\/\/guyferrandis.com\/wp-content\/uploads\/2015\/11\/guy-pano-960x424.jpg 960w\" sizes=\"auto, (max-width: 1011px) 100vw, 1011px\" \/><\/h2>\n<h2>Biographie<\/h2>\n<div class=\"filmo-row odd\">\n<p style=\"text-align: justify;\">Guy Ferrandis est n\u00e9 en 1954, r\u00e9side \u00e0 Paris.<\/p>\n<p style=\"text-align: justify;\">D\u00e9but des ann\u00e9es 1970 : \u00e9tudes au lyc\u00e9e des Arts graphiques et du livre de Corvisart. Commence \u00e0 photographier les principales ic\u00f4nes de la sc\u00e8ne rock.<\/p>\n<h4 style=\"text-align: justify;\"><span style=\"color: #808080;\">AILLEURS<\/span><\/h4>\n<p style=\"text-align: justify;\">1972-1976 : voyage en Afrique, au Proche-Orient (long s\u00e9jour parmi les B\u00e9douins de P\u00e9tra, site arch\u00e9ologique alors m\u00e9connu) et en Asie Centrale. Itin\u00e9raires singuliers, au Soudan, en \u00c9thiopie, au Rwanda, au Za\u00efre, en Iran, au Baloutchistan, dans les montagnes de l\u2019Hindu-Kush, dans le Cachemire Pakistanais, le Pamir Afghan et dans les rues de New York, Paris, Berlin.<\/p>\n<h4 style=\"text-align: justify;\"><span style=\"color: #808080;\">MUSIQUE<\/span><\/h4>\n<p style=\"text-align: justify;\">\u00c0 partir de 1976, photographie les Rolling Stones, Bob Dylan, David Bowie, U2, Micka\u00ebl Jackson, Frank Zappa, Miles Davis, Chet Baker, L\u00e9o Ferr\u00e9, Barbara, Serge Gainsbourg, Alain Bashung et tant d\u2019autres.<\/p>\n<p style=\"text-align: justify;\">Int\u00e9r\u00eat particulier pour la mouvance punk : The Clash, The Cramps, The Ramones, P.I.L, Killing Joke. Mention sp\u00e9ciale pour Iggy Pop.<\/p>\n<p style=\"text-align: justify;\">Photos publi\u00e9es dans la presse quotidienne et hebdomadaire.<\/p>\n<h4 style=\"text-align: justify;\"><span style=\"color: #808080;\">CIN\u00c9MA<\/span><\/h4>\n<p style=\"text-align: justify;\">\u00c0 partir de 1989, les tournages l&#8217;emportent sur la sc\u00e8ne musicale avec des films fran\u00e7ais et internationaux et des r\u00e9alisateurs comme Mathieu Kassovitz (La Haine),Tran Anh Hung, Philippe Lioret, Philippe Garrel, Tim Burton, Roman Polanski, Brian de Palma, Paul Verhoeven. Plus de 70 films.<\/p>\n<p style=\"text-align: justify;\">En 2001, Roman Polanski le choisit pour le tournage du Pianiste.<\/p>\n<p style=\"text-align: justify;\">D\u00e9but d\u2019une collaboration r\u00e9guli\u00e8re qui se poursuit avec Oliver Twist, The GhostWriter, Carnage et La V\u00e9nus \u00e0 la fourrure.<\/p>\n<p style=\"text-align: justify;\">Les photos de tournage du Pianiste ont donn\u00e9 lieu \u00e0 de nombreuses expositions dans le monde entier<\/p>\n<h4 style=\"text-align: justify;\"><span style=\"color: #808080;\">REPORTAGES<\/span><\/h4>\n<p style=\"text-align: justify;\">\u00c0 partir de 1993, pr\u00e9sence sur le terrain pour les ONG M\u00e9decins du Monde, Handicap international, France Libert\u00e9.<\/p>\n<p style=\"text-align: justify;\">1993 : reportage dans les camps de r\u00e9fugi\u00e9s au Rwanda, sur les orphelins du sida en Ouganda.<\/p>\n<p style=\"text-align: justify;\">1994 : guerre civile en ex-Yougoslavie, camps de r\u00e9fugi\u00e9s rwandais au Za\u00efre.<\/p>\n<p style=\"text-align: justify;\">1995-96 : Kirghizistan, aide humanitaire pour les ONG Atlas Logistique et France-Libert\u00e9.<\/p>\n<p style=\"text-align: justify;\">1997 : guerre civile au Congo Brazzaville.<\/p>\n<p style=\"text-align: justify;\">En 1995 et 1996, retour \u00e0 P\u00e9tra (Jordanie) pour photographier le site nabat\u00e9en.<\/p>\n<p style=\"text-align: justify;\">En 2000 et 2001, int\u00e8gre une \u00e9quipe d\u2019arch\u00e9ologues dirig\u00e9e par Le\u00efla Nehm\u00e9, sp\u00e9cialiste de la civilisation nabat\u00e9enne, sur le deuxi\u00e8me grand site nabat\u00e9en, tr\u00e8s peu fr\u00e9quent\u00e9, de Maid en Saleh en Arabie Saoudite.<\/p>\n<p style=\"text-align: justify;\">\n<\/div>\n<div class=\"filmo-row odd\">\n<h2>Filmographie<\/h2>\n<h4><\/h4>\n<h4><span style=\"color: #808080;\"><strong><a style=\"color: #808080;\" href=\"http:\/\/www.imdb.com\/name\/nm0273889\/?ref_=fn_al_nm_1\" target=\"_blank\">Credits\u00a0IMDB<\/a><\/strong><\/span><\/h4>\n<div class=\"one_half \">2016 <span style=\"color: #ff9900;\">Le ciel attendra<\/span> <span style=\"color: #808080;\">de Marie-Castille Mention-Schaar<\/span><br \/>\n2016<span style=\"color: #ff9900;\">\u00a0<a style=\"color: #ff9900;\" href=\"http:\/\/www.imdb.com\/title\/tt3716530\/?ref_=nm_flmg_cam_1\" target=\"_blank\">Elle<\/a><\/span>\u00a0<span style=\"color: #808080;\">de Paul Verhoeven<\/span><br \/>\n2016 <span style=\"color: #ff0000;\"><span style=\"color: #ff9900;\"><a style=\"color: #ff9900;\" href=\"http:\/\/www.imdb.com\/title\/tt4494706\/?ref_=nm_flmg_cam_2\" target=\"_blank\">Tout de suite maintenant<\/a><\/span> <span style=\"color: #808080;\">de Pascal Bonnitzer<\/span><\/span><br \/>\n2016<span style=\"color: #ff0000;\"><span style=\"color: #ff9900;\"> <a style=\"color: #ff9900;\" href=\"http:\/\/www.imdb.com\/title\/tt4228810\/?ref_=nm_flmg_cam_3\" target=\"_blank\">Au nom de ma fille<\/a><\/span> <span style=\"color: #808080;\">de Vincent Garenq<\/span><\/span><br \/>\n2015 <span style=\"color: #ff9900;\"><a style=\"color: #ff9900;\" href=\"http:\/\/www.imdb.com\/title\/tt4168502\/?ref_=nm_flmg_cam_4\" target=\"_blank\">Un Fran\u00e7ais<\/a><\/span> <span style=\"color: #808080;\">de Diast\u00e8me<\/span><br \/>\n2015 <span style=\"color: #ff9900;\"><a style=\"color: #ff9900;\" href=\"http:\/\/www.imdb.com\/title\/tt3651326\/?ref_=nm_flmg_cam_5\" target=\"_blank\">L&rsquo;ombre des femmes<\/a><\/span> <span style=\"color: #808080;\">de Philippe Garrel<\/span><br \/>\n2014 <span style=\"color: #ff9900;\"><a style=\"color: #ff9900;\" href=\"http:\/\/www.imdb.com\/title\/tt3504830\/?ref_=nm_flmg_cam_6\" target=\"_blank\">Valentin Valentin<\/a><\/span> <span style=\"color: #808080;\">de Pascal Thomas<\/span><br \/>\n2014 <span style=\"color: #ff9900;\"><a style=\"color: #ff9900;\" href=\"http:\/\/www.imdb.com\/title\/tt3289126\/?ref_=nm_flmg_cam_7\" target=\"_blank\">Les h\u00e9ritiers<\/a><\/span> <span style=\"color: #808080;\">de Marie-Castille Mention-Schaar<\/span><br \/>\n2014 <span style=\"color: #ff9900;\"><a style=\"color: #ff9900;\" href=\"http:\/\/www.imdb.com\/title\/tt3227548\/?ref_=nm_flmg_cam_8\" target=\"_blank\">Papa Was Not a Rolling Stone<\/a><\/span> <span style=\"color: #808080;\">de Sylvie Ohayon<\/span><br \/>\n2014 <span style=\"color: #ff9900;\"><a style=\"color: #ff9900;\" href=\"http:\/\/www.imdb.com\/title\/tt2994636\/?ref_=nm_flmg_cam_9\" target=\"_blank\">Maintenant ou jamais<\/a><\/span> <span style=\"color: #808080;\">de Serge Frydman<\/span><br \/>\n2013 <span style=\"color: #ff9900;\"><a style=\"color: #ff9900;\" href=\"http:\/\/www.imdb.com\/title\/tt2454430\/?ref_=nm_flmg_cam_10\" target=\"_blank\">De toutes nos forces<\/a><\/span> <span style=\"color: #808080;\">de Nils Tavernier<\/span><br \/>\n2013 <span style=\"color: #ff9900;\">La jalousie<\/span> <span style=\"color: #808080;\">de Philippe Garrel<\/span><br \/>\n2013 <span style=\"color: #ff9900;\"><a style=\"color: #ff9900;\" href=\"http:\/\/www.imdb.com\/title\/tt2406252\/?ref_=nm_flmg_cam_12\" target=\"_blank\">La V\u00e9nus \u00e0 la fourrure<\/a><\/span> <span style=\"color: #808080;\">de Roman Polanski<\/span><br \/>\n2013 <span style=\"color: #ff9900;\"><a style=\"color: #ff9900;\" href=\"http:\/\/www.imdb.com\/title\/tt2234543\/?ref_=nm_flmg_cam_13\" target=\"_blank\">Un ch\u00e2teau en Italie<\/a><\/span> <span style=\"color: #808080;\">de Valeria Bruni-Tedeschi<\/span><br \/>\n2012 <span style=\"color: #ff9900;\"><a style=\"color: #ff9900;\" href=\"http:\/\/www.imdb.com\/title\/tt1829012\/?ref_=nm_flmg_cam_14\" target=\"_blank\">Passion<\/a><\/span> <span style=\"color: #808080;\">de Brian De Palma<\/span><br \/>\n2012<span style=\"color: #ff9900;\"> <a style=\"color: #ff9900;\" href=\"http:\/\/www.imdb.com\/title\/tt1906347\/?ref_=nm_flmg_cam_15\" target=\"_blank\">Cherchez Hortense<\/a><\/span> <span style=\"color: #808080;\">de Pascal Bonitzer<\/span><br \/>\n2012 <span style=\"color: #ff9900;\"><a style=\"color: #ff9900;\" href=\"http:\/\/www.imdb.com\/title\/tt2167404\/?ref_=nm_flmg_cam_17\" target=\"_blank\">A Therapy <\/a><\/span><span style=\"color: #808080;\">(Short) de Roman Polanski<\/span><br \/>\n2011 <span style=\"color: #ff9900;\"><a style=\"color: #ff9900;\" href=\"http:\/\/www.imdb.com\/title\/tt1242521\/?ref_=nm_flmg_cam_19\" target=\"_blank\">L&rsquo;ordre et la morale<\/a><\/span><span style=\"color: #808080;\"> de Mathieu Kassovitz<\/span><br \/>\n2011 <span style=\"color: #ff9900;\"><a style=\"color: #ff9900;\" href=\"http:\/\/www.imdb.com\/title\/tt1942120\/?ref_=nm_flmg_cam_20\" target=\"_blank\">Toutes nos envies<\/a><\/span> <span style=\"color: #808080;\">de Philippe Lioret<\/span><br \/>\n2011 <span style=\"color: #ff9900;\"><a style=\"color: #ff9900;\" href=\"http:\/\/www.imdb.com\/title\/tt1692486\/?ref_=nm_flmg_cam_21\" target=\"_blank\">Carnage<\/a><\/span> <span style=\"color: #808080;\">de Roman Polanski<\/span><br \/>\n2010 <span style=\"color: #ff9900;\"><a style=\"color: #ff9900;\" href=\"http:\/\/www.imdb.com\/title\/tt1139328\/?ref_=nm_flmg_cam_22\" target=\"_blank\">The Ghost Writer<\/a><\/span> <span style=\"color: #808080;\">de Roman Polanski<\/span><br \/>\n2009 <span style=\"color: #ff9900;\"><a style=\"color: #ff9900;\" href=\"http:\/\/www.imdb.com\/title\/tt0940657\/?ref_=nm_flmg_cam_23\" target=\"_blank\">Arthur et la vengeance de Maltazard<\/a><\/span> <span style=\"color: #808080;\">de Luc Besson<\/span><br \/>\n2009 <span style=\"color: #ff9900;\"><a style=\"color: #ff9900;\" href=\"http:\/\/www.imdb.com\/title\/tt1320082\/?ref_=nm_flmg_cam_24\" target=\"_blank\">Le concert<\/a> <\/span><span style=\"color: #808080;\">de Radu Mihaileanu<\/span><br \/>\n2009 <span style=\"color: #ff9900;\"><a style=\"color: #ff9900;\" href=\"http:\/\/www.imdb.com\/title\/tt1314280\/?ref_=nm_flmg_cam_25\" target=\"_blank\">Welcome<\/a><\/span> <span style=\"color: #808080;\">de Philippe Lioret<\/span><br \/>\n2009 <span style=\"color: #ff9900;\"><a style=\"color: #ff9900;\" href=\"http:\/\/www.imdb.com\/title\/tt2167988\/?ref_=nm_flmg_cam_26\" target=\"_blank\">Greed<\/a><\/span>\u00a0<span style=\"color: #808080;\">de Roman Polanski\u00a0(Short)<\/span><br \/>\n2008 <span style=\"color: #ff9900;\"><a style=\"color: #ff9900;\" href=\"http:\/\/www.imdb.com\/name\/nm0273889\/\" target=\"_blank\">Izolator<\/a><\/span> <span style=\"color: #808080;\">de Christopher Doyle<\/span><br \/>\n2008 <a href=\"http:\/\/www.imdb.com\/title\/tt0364970\/?ref_=nm_flmg_cam_28\" target=\"_blank\"><span style=\"color: #ff9900;\">Babylon A.D<\/span>.<\/a> <span style=\"color: #808080;\">de Mathieu Kassovitz<\/span><br \/>\n2008<span style=\"color: #ff9900;\"> <a style=\"color: #ff9900;\" href=\"http:\/\/www.imdb.com\/title\/tt1132607\/?ref_=nm_flmg_cam_29\" target=\"_blank\">Versailles<\/a><\/span> <span style=\"color: #808080;\">de Pierre Schoeller<\/span><br \/>\n2008<span style=\"color: #ff9900;\"> <a style=\"color: #ff9900;\" href=\"http:\/\/www.imdb.com\/title\/tt0991350\/?ref_=nm_flmg_cam_30\" target=\"_blank\">Les randonneurs \u00e0 Saint-Tropez<\/a><\/span> <span style=\"color: #808080;\">de Philippe Harel<\/span><br \/>\n2007 <span style=\"color: #ff9900;\"><a style=\"color: #ff9900;\" href=\"http:\/\/www.imdb.com\/title\/tt0825239\/?ref_=nm_flmg_cam_32\" target=\"_blank\">Contre-enqu\u00eate<\/a><\/span> <span style=\"color: #808080;\">de Franck Mancuso<\/span><br \/>\n2006 <span style=\"color: #ff9900;\"><a style=\"color: #ff9900;\" href=\"http:\/\/www.imdb.com\/title\/tt0774756\/?ref_=nm_flmg_cam_33\" target=\"_blank\">D\u00e9saccord parfait<\/a><\/span> <span style=\"color: #808080;\">d&rsquo;Antoine De Caunes<\/span><br \/>\n2006<span style=\"color: #ff9900;\"><a style=\"color: #ff9900;\" href=\"http:\/\/www.imdb.com\/title\/tt0485241\/?ref_=nm_flmg_cam_34\" target=\"_blank\"> Je vais bien, ne t&rsquo;en fais pas<\/a><\/span> <span style=\"color: #808080;\">de Philippe Lioret<\/span><br \/>\n2006 <span style=\"color: #ff9900;\"><a style=\"color: #ff9900;\" href=\"http:\/\/www.imdb.com\/title\/tt0444418\/?ref_=nm_flmg_cam_35\" target=\"_blank\">Selon Charlie<\/a> <\/span><span style=\"color: #808080;\">de Nicole Garcia<\/span>\n<\/div>\n<div class=\"one_half last \">2005<span style=\"color: #ff9900;\"> <a style=\"color: #ff9900;\" href=\"http:\/\/www.imdb.com\/title\/tt0380599\/?ref_=nm_flmg_cam_36\" target=\"_blank\">Oliver Twist<\/a><\/span> <span style=\"color: #808080;\">de Roman Polanski<\/span><br \/>\n2005 <span style=\"color: #ff9900;\"><a style=\"color: #ff9900;\" href=\"http:\/\/www.imdb.com\/title\/tt0419256\/?ref_=nm_flmg_cam_37\" target=\"_blank\">Wah-Wah<\/a><\/span> <span style=\"color: #808080;\">de Richard E. Grant<\/span><br \/>\n2005<span style=\"color: #ff9900;\"> <a style=\"color: #ff9900;\" href=\"http:\/\/www.imdb.com\/title\/tt0400897\/?ref_=nm_flmg_cam_38\" target=\"_blank\">Tu vas rire, mais je te quitte<\/a><\/span> <span style=\"color: #808080;\">de Philippe Harel<\/span><br \/>\n2004 <span style=\"color: #ff9900;\"><a style=\"color: #ff9900;\" href=\"http:\/\/www.imdb.com\/title\/tt0388562\/?ref_=nm_flmg_cam_39\" target=\"_blank\">L&rsquo;\u00e9quipier<\/a><\/span> <span style=\"color: #808080;\">de Philippe Lioret<\/span><br \/>\n2004 <span style=\"color: #ff9900;\"><a style=\"color: #ff9900;\" href=\"http:\/\/www.imdb.com\/title\/tt0362084\/?ref_=nm_flmg_cam_40\">Atomik Circus<\/a><\/span>\u00a0<span style=\"color: #808080;\">de Didier et Thierry Poiraud<\/span><br \/>\n2004 <span style=\"color: #ff9900;\"><a style=\"color: #ff9900;\" href=\"http:\/\/www.imdb.com\/title\/tt0354836\/?ref_=nm_flmg_cam_41\" target=\"_blank\">Podium<\/a><\/span> <span style=\"color: #808080;\">de Yann Moix<\/span><br \/>\n2003 <span style=\"color: #ff9900;\"><a style=\"color: #ff9900;\" href=\"http:\/\/www.imdb.com\/title\/tt0319061\/?ref_=nm_flmg_cam_42\" target=\"_blank\">Big Fish<\/a><\/span> <span style=\"color: #808080;\">de Tim Burton<\/span><br \/>\n2003 <span style=\"color: #ff9900;\"><a style=\"color: #ff9900;\" href=\"http:\/\/www.imdb.com\/title\/tt0344604\/?ref_=nm_flmg_cam_43\" target=\"_blank\">Apr\u00e8s vous&#8230;<\/a><\/span> <span style=\"color: #808080;\">de Pierre Salvadori<\/span><br \/>\n2003 <span style=\"color: #ff9900;\"><a style=\"color: #ff9900;\" href=\"http:\/\/www.imdb.com\/title\/tt0264150\/?ref_=nm_flmg_cam_44\" target=\"_blank\">H\u00f4tesse \u00e0 tout prix<\/a><\/span> <span style=\"color: #808080;\">de Bruno Barreto<\/span><br \/>\n2003 <span style=\"color: #ff9900;\"><a style=\"color: #ff9900;\" href=\"http:\/\/www.imdb.com\/title\/tt0308595\/?ref_=nm_flmg_cam_45\" target=\"_blank\">Monsieur N<\/a>.<\/span> <span style=\"color: #808080;\">d&rsquo;Antoine De Caunes<\/span><br \/>\n2002 <span style=\"color: #ff9900;\"><a style=\"color: #ff9900;\" href=\"http:\/\/www.imdb.com\/title\/tt0253474\/?ref_=nm_flmg_cam_47\" target=\"_blank\">Le pianiste<\/a><\/span> <span style=\"color: #808080;\">de Roman Polanski<\/span><br \/>\n2002 <span style=\"color: #ff9900;\"><a style=\"color: #ff9900;\" href=\"http:\/\/www.imdb.com\/title\/tt0282515\/?ref_=nm_flmg_cam_48\" target=\"_blank\">Gangsters<\/a><\/span> <span style=\"color: #808080;\">d&rsquo;Olivier Marchal<\/span><br \/>\n2001\u00a0<span style=\"color: #ff9900;\"><a style=\"color: #ff9900;\" href=\"http:\/\/www.imdb.com\/title\/tt0228786\/?ref_=nm_flmg_cam_50\">Les rivi\u00e8res pourpres<\/a><\/span> <span style=\"color: #808080;\">de Mathieu Kassovitz<\/span><br \/>\n2001 <span style=\"color: #ff9900;\"><a style=\"color: #ff9900;\" href=\"http:\/\/www.imdb.com\/title\/tt0252665\/?ref_=nm_flmg_cam_49\" target=\"_blank\">Le v\u00e9lo de Ghislain Lambert<\/a><\/span> <span style=\"color: #808080;\">de Philippe Harel<\/span><\/p>\n<div id=\"camera_department-tt0228786\" class=\"filmo-row even\">2001\u00a0<span style=\"color: #ff9900;\"><a style=\"color: #ff9900;\" href=\"http:\/\/www.imdb.com\/title\/tt0228786\/?ref_=nm_flmg_cam_50\">Les rivi\u00e8res pourpres <\/a><\/span><span style=\"color: #808080;\">de Mathieu Kassovitz<\/span><\/div>\n<div id=\"camera_department-tt0216522\" class=\"filmo-row odd\"><span class=\"year_column\">2000 <\/span><span style=\"color: #ff9900;\"><a style=\"color: #ff9900;\" href=\"http:\/\/www.imdb.com\/title\/tt0224578\/?ref_=nm_flmg_cam_53\" target=\"_blank\">\u00c0 la verticale de l&rsquo;\u00e9t\u00e9<\/a><\/span> <span style=\"color: #808080;\">de Tran Anh Hung<\/span><\/div>\n<div id=\"camera_department-tt0229694\" class=\"filmo-row even\"><span class=\"year_column\">2000 <\/span><span style=\"color: #ff9900;\"><a style=\"color: #ff9900;\" href=\"http:\/\/www.imdb.com\/title\/tt0229694\/?ref_=nm_flmg_cam_54\" target=\"_blank\">Salsa<\/a> <\/span><span style=\"color: #808080;\">de Joyce Bunuel<\/span><\/div>\n<div id=\"camera_department-tt0211359\" class=\"filmo-row even\"><span class=\"year_column\">1999 <\/span><span style=\"color: #ff9900;\"><a style=\"color: #ff9900;\" href=\"http:\/\/www.imdb.com\/title\/tt0211359\/?ref_=nm_flmg_cam_56\" target=\"_blank\">Extension du domaine de la lutte<\/a><\/span> <span style=\"color: #808080;\">de Philippe Harel<\/span><\/div>\n<div id=\"camera_department-tt0204709\" class=\"filmo-row odd\"><span class=\"year_column\">1999 <\/span><span style=\"color: #ff9900;\"><a style=\"color: #ff9900;\" href=\"http:\/\/www.imdb.com\/title\/tt0204709\/?ref_=nm_flmg_cam_57\" target=\"_blank\">Une liaison pornographique<\/a><\/span> <span style=\"color: #808080;\">de Fr\u00e9d\u00e9ric Fonteyne<\/span><\/div>\n<div id=\"camera_department-tt0189475\" class=\"filmo-row odd\"><span class=\"year_column\">1999 <\/span><span style=\"color: #ff9900;\"><a style=\"color: #ff9900;\" href=\"http:\/\/www.imdb.com\/title\/tt0189475\/?ref_=nm_flmg_cam_61\" target=\"_blank\">Le derri\u00e8re<\/a><\/span><span style=\"color: #808080;\"> de Val\u00e9rie Lemercier<\/span><\/div>\n<div id=\"camera_department-tt0168899\" class=\"filmo-row even\"><span class=\"year_column\">1998 <\/span><span style=\"color: #ff9900;\"><a style=\"color: #ff9900;\" href=\"http:\/\/www.imdb.com\/title\/tt0168899\/?ref_=nm_flmg_cam_62\" target=\"_blank\">J&rsquo;aimerais pas crever un dimanche<\/a><\/span> <span style=\"color: #808080;\">de Didier Le P\u00eacheur<\/span><\/div>\n<div id=\"camera_department-tt0118584\" class=\"filmo-row odd\"><span class=\"year_column\">1998 <\/span><span style=\"color: #ff9900;\"><a style=\"color: #ff9900;\" href=\"http:\/\/www.imdb.com\/title\/tt0166308\/?ref_=nm_flmg_cam_65\">Le plaisir (et ses petits tracas)<\/a><\/span> <span style=\"color: #808080;\">de Nicolas Boukhrief<\/span><\/div>\n<div id=\"camera_department-tt0118644\" class=\"filmo-row even\"><span class=\"year_column\">1997 <\/span><span style=\"color: #ff9900;\"><a style=\"color: #ff9900;\" href=\"http:\/\/www.imdb.com\/title\/tt0118644\/?ref_=nm_flmg_cam_66\">Assassin(s)<\/a><\/span> <span style=\"color: #808080;\">de Mathieu Kassovitz<\/span><\/div>\n<div id=\"camera_department-tt0435384\" class=\"filmo-row odd\"><span class=\"year_column\">1997 <\/span><span style=\"color: #ff9900;\"><a style=\"color: #ff9900;\" href=\"http:\/\/www.imdb.com\/title\/tt0435384\/?ref_=nm_flmg_cam_67\">Shabbat Night Fever<\/a><\/span> <span style=\"color: #808080;\">(Short) de Vincent Cassel<\/span><\/div>\n<div id=\"camera_department-tt0119981\" class=\"filmo-row even\"><span class=\"year_column\">1997 <\/span><span style=\"color: #ff9900;\"><a style=\"color: #ff9900;\" href=\"http:\/\/www.imdb.com\/title\/tt0119981\/?ref_=nm_flmg_cam_68\">Les randonneurs<\/a><\/span> <span style=\"color: #808080;\">de Philippe Harel<\/span><\/div>\n<div id=\"camera_department-tt1673940\" class=\"filmo-row even\"><span class=\"year_column\">1995 <\/span><span style=\"color: #ff9900;\"><a style=\"color: #ff9900;\" href=\"http:\/\/www.imdb.com\/title\/tt0113247\/?ref_=nm_flmg_cam_71\">La haine<\/a><\/span> <span style=\"color: #808080;\">de Mathieu Kassovitz<\/span><\/div>\n<div id=\"camera_department-tt0110796\" class=\"filmo-row odd\"><span class=\"year_column\">1994 <\/span><span style=\"color: #ff9900;\"><a style=\"color: #ff9900;\" href=\"http:\/\/www.imdb.com\/title\/tt0110796\/?ref_=nm_flmg_cam_73\">Les patriotes<\/a><\/span> <span style=\"color: #808080;\">d&rsquo;Eric Rochant<\/span><\/div>\n<div id=\"camera_department-tt0109680\" class=\"filmo-row even\"><span class=\"year_column\">1994 <\/span><span style=\"color: #ff9900;\"><a style=\"color: #ff9900;\" href=\"http:\/\/www.imdb.com\/title\/tt0109680\/?ref_=nm_flmg_cam_74\">Dr\u00f8mspel<\/a><\/span> <span style=\"color: #808080;\">d&rsquo;Unni Straume<\/span><\/div>\n<div id=\"camera_department-tt0305355\" class=\"filmo-row odd\"><span class=\"year_column\">1993 <\/span><span style=\"color: #ff9900;\"><a style=\"color: #ff9900;\" href=\"http:\/\/www.imdb.com\/title\/tt0305355\/?ref_=nm_flmg_cam_75\">La chambre 108<\/a><\/span> <span style=\"color: #808080;\">de Daniel Moosmann<\/span><\/div>\n<div id=\"camera_department-tt0103288\" class=\"filmo-row odd\"><span class=\"year_column\">1993 <\/span><span style=\"color: #ff9900;\"><a style=\"color: #ff9900;\" href=\"http:\/\/www.imdb.com\/title\/tt0103288\/?ref_=nm_flmg_cam_77\">Woyzeck<\/a><\/span> <span style=\"color: #808080;\">de Guy Marignane<\/span><\/div>\n<div id=\"camera_department-tt0325999\" class=\"filmo-row odd\"><span class=\"year_column\">1993 <\/span><span style=\"color: #ff9900;\"><a style=\"color: #ff9900;\" href=\"http:\/\/www.imdb.com\/title\/tt0325999\/?ref_=nm_flmg_cam_79\">Pour demain<\/a><\/span> <span style=\"color: #808080;\">de Fabrice Cazeneuve (TV Movie)<\/span><\/div>\n<p><br class=\"clear\"\/><\/div>\n<\/div>\n","protected":false},"excerpt":{"rendered":"<p>Biographie Guy Ferrandis est n\u00e9 en 1954, r\u00e9side \u00e0 Paris. D\u00e9but des ann\u00e9es 1970 : \u00e9tudes au lyc\u00e9e des Arts graphiques et du livre de Corvisart. Commence \u00e0 photographier les principales ic\u00f4nes de la sc\u00e8ne rock. AILLEURS 1972-1976 : voyage en Afrique, au Proche-Orient (long s\u00e9jour parmi les B\u00e9douins de P\u00e9tra, site arch\u00e9ologique alors m\u00e9connu) [&hellip;]<\/p>\n","protected":false},"author":1,"featured_media":0,"parent":0,"menu_order":0,"comment_status":"closed","ping_status":"closed","template":"page_f.php","meta":{"_mi_skip_tracking":false,"_exactmetrics_sitenote_active":false,"_exactmetrics_sitenote_note":"","_exactmetrics_sitenote_category":0,"footnotes":""},"class_list":["post-246","page","type-page","status-publish","hentry"],"_links":{"self":[{"href":"https:\/\/guyferrandis.com\/index.php\/wp-json\/wp\/v2\/pages\/246","targetHints":{"allow":["GET"]}}],"collection":[{"href":"https:\/\/guyferrandis.com\/index.php\/wp-json\/wp\/v2\/pages"}],"about":[{"href":"https:\/\/guyferrandis.com\/index.php\/wp-json\/wp\/v2\/types\/page"}],"author":[{"embeddable":true,"href":"https:\/\/guyferrandis.com\/index.php\/wp-json\/wp\/v2\/users\/1"}],"replies":[{"embeddable":true,"href":"https:\/\/guyferrandis.com\/index.php\/wp-json\/wp\/v2\/comments?post=246"}],"version-history":[{"count":44,"href":"https:\/\/guyferrandis.com\/index.php\/wp-json\/wp\/v2\/pages\/246\/revisions"}],"predecessor-version":[{"id":1229,"href":"https:\/\/guyferrandis.com\/index.php\/wp-json\/wp\/v2\/pages\/246\/revisions\/1229"}],"wp:attachment":[{"href":"https:\/\/guyferrandis.com\/index.php\/wp-json\/wp\/v2\/media?parent=246"}],"curies":[{"name":"wp","href":"https:\/\/api.w.org\/{rel}","templated":true}]}}