{"id":254,"date":"2015-11-12T16:51:32","date_gmt":"2015-11-12T15:51:32","guid":{"rendered":"http:\/\/guyferrandis.com\/?page_id=254"},"modified":"2016-02-16T19:25:05","modified_gmt":"2016-02-16T18:25:05","slug":"cites-nabateennes","status":"publish","type":"page","link":"https:\/\/guyferrandis.com\/index.php\/personnel\/cites-nabateennes\/","title":{"rendered":"Cit\u00e9s nabat\u00e9ennes"},"content":{"rendered":"<p style=\"text-align: center;\"><a class=\"button small center\" onclick=\"window.open('https:\/\/guyferrandis.com\/index.php\/personnel\/new-york\/', '_self')\">New-York<\/a><a class=\"button small center\" onclick=\"window.open('https:\/\/guyferrandis.com\/index.php\/personnel\/kirghizistan\/', '_self')\">Kirghizistan<\/a><a class=\"button small center\" onclick=\"window.open('https:\/\/guyferrandis.com\/index.php\/personnel\/familles-polynesiennes\/', '_self')\">Familles<\/a><a class=\"button small center\" onclick=\"window.open('https:\/\/guyferrandis.com\/index.php\/personnel\/cites-nabateennes\/', '_self')\">Cit\u00e9s nabat\u00e9ennes<\/a><a class=\"button small center\" onclick=\"window.open('https:\/\/guyferrandis.com\/index.php\/personnel\/humanitaires\/', '_self')\">Reportages humanitaires<\/a><a class=\"button small center\" onclick=\"window.open('https:\/\/guyferrandis.com\/index.php\/personnel\/divers\/', '_self')\">Divers<\/a><\/p>\n<p style=\"text-align: center;\">Photos r\u00e9alis\u00e9es \u00e0 <strong><span style=\"color: #808080;\"><a style=\"color: #808080;\" href=\"https:\/\/guyferrandis.com\/index.php\/petra-jordanie\/\">Petra<\/a><\/span><\/strong> (Jordanie) et <strong><span style=\"color: #808080;\"><a style=\"color: #808080;\" href=\"https:\/\/guyferrandis.com\/index.php\/personnel\/cites-nabateennes\/hegra\/\">Hegra<\/a><\/span> <\/strong>(Arabie Saoudite)<\/p>\n","protected":false},"excerpt":{"rendered":"<p>Photos r\u00e9alis\u00e9es \u00e0 Petra (Jordanie) et Hegra (Arabie Saoudite)<\/p>\n","protected":false},"author":1,"featured_media":0,"parent":35,"menu_order":0,"comment_status":"closed","ping_status":"closed","template":"gallery.php","meta":{"_mi_skip_tracking":false,"_exactmetrics_sitenote_active":false,"_exactmetrics_sitenote_note":"","_exactmetrics_sitenote_category":0,"footnotes":""},"class_list":["post-254","page","type-page","status-publish","hentry"],"_links":{"self":[{"href":"https:\/\/guyferrandis.com\/index.php\/wp-json\/wp\/v2\/pages\/254","targetHints":{"allow":["GET"]}}],"collection":[{"href":"https:\/\/guyferrandis.com\/index.php\/wp-json\/wp\/v2\/pages"}],"about":[{"href":"https:\/\/guyferrandis.com\/index.php\/wp-json\/wp\/v2\/types\/page"}],"author":[{"embeddable":true,"href":"https:\/\/guyferrandis.com\/index.php\/wp-json\/wp\/v2\/users\/1"}],"replies":[{"embeddable":true,"href":"https:\/\/guyferrandis.com\/index.php\/wp-json\/wp\/v2\/comments?post=254"}],"version-history":[{"count":11,"href":"https:\/\/guyferrandis.com\/index.php\/wp-json\/wp\/v2\/pages\/254\/revisions"}],"predecessor-version":[{"id":1474,"href":"https:\/\/guyferrandis.com\/index.php\/wp-json\/wp\/v2\/pages\/254\/revisions\/1474"}],"up":[{"embeddable":true,"href":"https:\/\/guyferrandis.com\/index.php\/wp-json\/wp\/v2\/pages\/35"}],"wp:attachment":[{"href":"https:\/\/guyferrandis.com\/index.php\/wp-json\/wp\/v2\/media?parent=254"}],"curies":[{"name":"wp","href":"https:\/\/api.w.org\/{rel}","templated":true}]}}