{"id":37,"date":"2015-10-28T21:53:59","date_gmt":"2015-10-28T20:53:59","guid":{"rendered":"http:\/\/guyferrandis.com\/?page_id=37"},"modified":"2021-01-12T11:19:11","modified_gmt":"2021-01-12T10:19:11","slug":"biographie","status":"publish","type":"page","link":"https:\/\/guyferrandis.com\/index.php\/a-propos\/biographie\/","title":{"rendered":"biographie"},"content":{"rendered":"<p><img loading=\"lazy\" decoding=\"async\" class=\"alignnone wp-image-1354 size-full\" src=\"https:\/\/guyferrandis.com\/wp-content\/uploads\/2015\/10\/bio-guy-ferrandis.jpg\" alt=\"biographie guy ferrandis\" width=\"1000\" height=\"540\" srcset=\"https:\/\/guyferrandis.com\/wp-content\/uploads\/2015\/10\/bio-guy-ferrandis.jpg 1000w, https:\/\/guyferrandis.com\/wp-content\/uploads\/2015\/10\/bio-guy-ferrandis-300x162.jpg 300w, https:\/\/guyferrandis.com\/wp-content\/uploads\/2015\/10\/bio-guy-ferrandis-768x415.jpg 768w, https:\/\/guyferrandis.com\/wp-content\/uploads\/2015\/10\/bio-guy-ferrandis-440x238.jpg 440w, https:\/\/guyferrandis.com\/wp-content\/uploads\/2015\/10\/bio-guy-ferrandis-960x518.jpg 960w\" sizes=\"auto, (max-width: 1000px) 100vw, 1000px\" \/><\/p>\n<p style=\"text-align: justify;\">Guy Ferrandis est n\u00e9 en 1954, r\u00e9side \u00e0 Paris.<\/p>\n<p style=\"text-align: justify;\">D\u00e9but des ann\u00e9es 1970 : \u00e9tudes au lyc\u00e9e des Arts graphiques et du livre de Corvisart. Commence \u00e0 photographier les principales ic\u00f4nes de la sc\u00e8ne rock.<\/p>\n<h4 style=\"text-align: justify;\"><span style=\"color: #808080;\">AILLEURS<\/span><\/h4>\n<p style=\"text-align: justify;\">1972-1976 : voyage en Afrique, au Proche-Orient (long s\u00e9jour parmi les B\u00e9douins de P\u00e9tra, site arch\u00e9ologique alors m\u00e9connu) et en Asie Centrale. Itin\u00e9raires singuliers, au Soudan, en \u00c9thiopie, au Rwanda, au Za\u00efre, en Iran, au Baloutchistan, dans les montagnes de l\u2019Hindu-Kush, dans le Cachemire Pakistanais, le Pamir Afghan et dans les rues de New York, Paris, Berlin.<\/p>\n<h4 style=\"text-align: justify;\"><span style=\"color: #808080;\">MUSIQUE<\/span><\/h4>\n<p style=\"text-align: justify;\">\u00c0 partir de 1976, photographie les Rolling Stones, Bob Dylan, David Bowie, U2, Micka\u00ebl Jackson, Frank Zappa, Miles Davis, Chet Baker, L\u00e9o Ferr\u00e9, Barbara, Serge Gainsbourg, Alain Bashung et tant d\u2019autres.<\/p>\n<p style=\"text-align: justify;\">Int\u00e9r\u00eat particulier pour la mouvance punk : The Clash, The Cramps, The Ramones, P.I.L, Killing Joke. Mention sp\u00e9ciale pour Iggy Pop.<\/p>\n<p style=\"text-align: justify;\">Photos publi\u00e9es dans la presse quotidienne et hebdomadaire.<\/p>\n<h4 style=\"text-align: justify;\"><span style=\"color: #808080;\">CIN\u00c9MA<\/span><\/h4>\n<p style=\"text-align: justify;\">\u00c0 partir de 1989, les tournages l&#8217;emportent sur la sc\u00e8ne musicale avec des films fran\u00e7ais et internationaux et des r\u00e9alisateurs comme Mathieu Kassovitz (La Haine),Tran Anh Hung, Philippe Lioret, Philippe Garrel, Tim Burton, Roman Polanski, Brian de Palma, Paul Verhoeven. Plus de 100 films.<\/p>\n<p style=\"text-align: justify;\">En 2001, Roman Polanski le choisit pour le tournage du Pianiste. D\u00e9but d\u2019une collaboration r\u00e9guli\u00e8re qui se poursuit avec Oliver Twist, The GhostWriter, Carnage, La V\u00e9nus \u00e0 la fourrure et J&rsquo;accuse ! Les photos de tournage du Pianiste ont donn\u00e9 lieu \u00e0 de nombreuses expositions dans le monde entier<\/p>\n<h4 style=\"text-align: justify;\"><span style=\"color: #808080;\">REPORTAGES<\/span><\/h4>\n<p style=\"text-align: justify;\">\u00c0 partir de 1993, pr\u00e9sence sur le terrain pour les ONG M\u00e9decins du Monde, Handicap international, France Libert\u00e9.<\/p>\n<p style=\"text-align: justify;\">1993 : reportage dans les camps de r\u00e9fugi\u00e9s au Rwanda, sur les orphelins du sida en Ouganda.<\/p>\n<p style=\"text-align: justify;\">1994 : guerre civile en ex-Yougoslavie, camps de r\u00e9fugi\u00e9s rwandais au Za\u00efre.<\/p>\n<p style=\"text-align: justify;\">1995-96 : Kirghizistan, aide humanitaire pour les ONG Atlas Logistique et France-Libert\u00e9.<\/p>\n<p style=\"text-align: justify;\">1997 : guerre civile au Congo Brazzaville.<\/p>\n<p style=\"text-align: justify;\">En 1995 et 1996, retour \u00e0 P\u00e9tra (Jordanie) pour photographier le site nabat\u00e9en.<\/p>\n<p style=\"text-align: justify;\">En 2000 et 2001, int\u00e8gre une \u00e9quipe d\u2019arch\u00e9ologues dirig\u00e9e par Le\u00efla Nehm\u00e9, sp\u00e9cialiste de la civilisation nabat\u00e9enne, sur le deuxi\u00e8me grand site nabat\u00e9en, tr\u00e8s peu fr\u00e9quent\u00e9, de Maid en Saleh en Arabie Saoudite.<\/p>\n","protected":false},"excerpt":{"rendered":"<p>Guy Ferrandis est n\u00e9 en 1954, r\u00e9side \u00e0 Paris. D\u00e9but des ann\u00e9es 1970 : \u00e9tudes au lyc\u00e9e des Arts graphiques et du livre de Corvisart. Commence \u00e0 photographier les principales ic\u00f4nes de la sc\u00e8ne rock. AILLEURS 1972-1976 : voyage en Afrique, au Proche-Orient (long s\u00e9jour parmi les B\u00e9douins de P\u00e9tra, site arch\u00e9ologique alors m\u00e9connu) et [&hellip;]<\/p>\n","protected":false},"author":1,"featured_media":0,"parent":246,"menu_order":0,"comment_status":"closed","ping_status":"closed","template":"","meta":{"_mi_skip_tracking":false,"_exactmetrics_sitenote_active":false,"_exactmetrics_sitenote_note":"","_exactmetrics_sitenote_category":0,"footnotes":""},"class_list":["post-37","page","type-page","status-publish","hentry"],"_links":{"self":[{"href":"https:\/\/guyferrandis.com\/index.php\/wp-json\/wp\/v2\/pages\/37","targetHints":{"allow":["GET"]}}],"collection":[{"href":"https:\/\/guyferrandis.com\/index.php\/wp-json\/wp\/v2\/pages"}],"about":[{"href":"https:\/\/guyferrandis.com\/index.php\/wp-json\/wp\/v2\/types\/page"}],"author":[{"embeddable":true,"href":"https:\/\/guyferrandis.com\/index.php\/wp-json\/wp\/v2\/users\/1"}],"replies":[{"embeddable":true,"href":"https:\/\/guyferrandis.com\/index.php\/wp-json\/wp\/v2\/comments?post=37"}],"version-history":[{"count":29,"href":"https:\/\/guyferrandis.com\/index.php\/wp-json\/wp\/v2\/pages\/37\/revisions"}],"predecessor-version":[{"id":1844,"href":"https:\/\/guyferrandis.com\/index.php\/wp-json\/wp\/v2\/pages\/37\/revisions\/1844"}],"up":[{"embeddable":true,"href":"https:\/\/guyferrandis.com\/index.php\/wp-json\/wp\/v2\/pages\/246"}],"wp:attachment":[{"href":"https:\/\/guyferrandis.com\/index.php\/wp-json\/wp\/v2\/media?parent=37"}],"curies":[{"name":"wp","href":"https:\/\/api.w.org\/{rel}","templated":true}]}}