{"id":943,"date":"2015-12-01T10:14:47","date_gmt":"2015-12-01T09:14:47","guid":{"rendered":"http:\/\/guyferrandis.com\/?page_id=943"},"modified":"2016-03-28T12:30:58","modified_gmt":"2016-03-28T11:30:58","slug":"tournages-divers","status":"publish","type":"page","link":"https:\/\/guyferrandis.com\/index.php\/cinema\/tournages\/tournages-divers\/","title":{"rendered":"divers"},"content":{"rendered":"<p style=\"text-align: center;\"><a class=\"button small left\" onclick=\"window.open('https:\/\/guyferrandis.com\/index.php\/cinema\/tournages\/', '_self')\">\u21b5<\/a><\/p>\n<p style=\"text-align: center;\">Photos r\u00e9alis\u00e9es sur diff\u00e9rents tournages entre 1990 et aujourd&rsquo;hui<\/p>\n","protected":false},"excerpt":{"rendered":"<p>Photos r\u00e9alis\u00e9es sur diff\u00e9rents tournages entre 1990 et aujourd&rsquo;hui<\/p>\n","protected":false},"author":1,"featured_media":0,"parent":1215,"menu_order":0,"comment_status":"closed","ping_status":"closed","template":"gallery.php","meta":{"_mi_skip_tracking":false,"_exactmetrics_sitenote_active":false,"_exactmetrics_sitenote_note":"","_exactmetrics_sitenote_category":0,"footnotes":""},"class_list":["post-943","page","type-page","status-publish","hentry"],"_links":{"self":[{"href":"https:\/\/guyferrandis.com\/index.php\/wp-json\/wp\/v2\/pages\/943","targetHints":{"allow":["GET"]}}],"collection":[{"href":"https:\/\/guyferrandis.com\/index.php\/wp-json\/wp\/v2\/pages"}],"about":[{"href":"https:\/\/guyferrandis.com\/index.php\/wp-json\/wp\/v2\/types\/page"}],"author":[{"embeddable":true,"href":"https:\/\/guyferrandis.com\/index.php\/wp-json\/wp\/v2\/users\/1"}],"replies":[{"embeddable":true,"href":"https:\/\/guyferrandis.com\/index.php\/wp-json\/wp\/v2\/comments?post=943"}],"version-history":[{"count":10,"href":"https:\/\/guyferrandis.com\/index.php\/wp-json\/wp\/v2\/pages\/943\/revisions"}],"predecessor-version":[{"id":1651,"href":"https:\/\/guyferrandis.com\/index.php\/wp-json\/wp\/v2\/pages\/943\/revisions\/1651"}],"up":[{"embeddable":true,"href":"https:\/\/guyferrandis.com\/index.php\/wp-json\/wp\/v2\/pages\/1215"}],"wp:attachment":[{"href":"https:\/\/guyferrandis.com\/index.php\/wp-json\/wp\/v2\/media?parent=943"}],"curies":[{"name":"wp","href":"https:\/\/api.w.org\/{rel}","templated":true}]}}